{"id":13,"date":"2025-05-24T17:59:27","date_gmt":"2025-05-24T17:59:27","guid":{"rendered":"https:\/\/appla.ca\/?page_id=13"},"modified":"2025-09-14T14:51:36","modified_gmt":"2025-09-14T14:51:36","slug":"lassociation","status":"publish","type":"page","link":"https:\/\/appla.ca\/?page_id=13","title":{"rendered":"L&#8217;Association"},"content":{"rendered":"\n<p><strong>Qui sommes-nous\u200b?<\/strong><\/p>\n\n\n\n<p>Notre association, l\u2019APPLA, est un organisme \u00e0 but non lucratif dont les lettres patentes ont \u00e9t\u00e9 d\u00e9livr\u00e9es par l\u2019inspecteur g\u00e9n\u00e9ral des institutions financi\u00e8res du Qu\u00e9bec, en vertu de la Loi sur les compagnies, le 13 octobre 1972 sous le matricule 1145725033.<\/p>\n\n\n\n<p><strong>Qui peut devenir membre?<\/strong><\/p>\n\n\n\n<p>L\u2019Association comprend une seule cat\u00e9gorie de membres, soit les membres actifs. Toute personne \u00e9tant propri\u00e9taire riverain peut devenir membre actif de l\u2019Association en se procurant une carte de membre. Seuls les membres en r\u00e8gle ou une personne d\u00e9sign\u00e9e avec procuration peuvent exercer leur droit de vote durant l\u2019assembl\u00e9e g\u00e9n\u00e9rale annuelle (limite d\u2019un membre par propri\u00e9t\u00e9).<\/p>\n\n\n\n<p>\u2192Membre en r\u00e8gle : Un membre en r\u00e8gle est un membre qui a pay\u00e9 sa cotisation annuelle avant le d\u00e9but de l&#8217;assembl\u00e9e g\u00e9n\u00e9rale annuelle.<\/p>\n\n\n\n<p><strong>Pourquoi payer votre cotisation annuelle?<\/strong><\/p>\n\n\n\n<p>Pour vous assurer qu\u2019une \u00e9quipe comp\u00e9tente d\u2019un conseil d\u2019administration d\u00e9vou\u00e9:<\/p>\n\n\n\n<p>\u2192travaille au maintien de la sant\u00e9 de votre lac;<\/p>\n\n\n\n<p>La cotisation annuelle est de $40 pour la saison 2025.&nbsp;<\/p>\n\n\n\n<p>Procurez-vous une carte de membre aupr\u00e8s d\u2019un membre du conseil d\u2019administration, un b\u00e9n\u00e9vole accr\u00e9dit\u00e9 ou par virement \u00e9lectronique en utilisant&nbsp; l&#8217;adresse finances@appla.ca<\/p>\n\n\n\n<p><strong>Conseil d\u2019administration<\/strong><\/p>\n\n\n\n<p>L\u2019association des propri\u00e9taires pour la protection du lac de l\u2019Argile est administr\u00e9e par un conseil d\u2019administration, tous choisis parmi les membres en r\u00e8gle. Les membres du conseil d\u2019administration sont \u00e9lus lors de l\u2019assembl\u00e9e g\u00e9n\u00e9rale annuelle (AGA). En temps normal, les mises en candidature se feront lors de l\u2019assembl\u00e9e g\u00e9n\u00e9rale annuelle. Dans le cas o\u00f9 le futur candidat pr\u00e9voit ne pas \u00eatre pr\u00e9sent \u00e0 l\u2019assembl\u00e9e g\u00e9n\u00e9rale, sa mise en candidature devra \u00eatre sign\u00e9e par un membre en r\u00e8gle et \u00eatre pr\u00e9sent\u00e9e au secr\u00e9taire de l\u2019assembl\u00e9e g\u00e9n\u00e9rale.<\/p>\n\n\n\n<p>Tels que libell\u00e9s dans ses Statuts et r\u00e8glements, les mandats du conseil d\u2019administration de l\u2019Association sont les suivants :<\/p>\n\n\n\n<p>Faire la mise \u00e0 jour p\u00e9riodique des statuts et r\u00e8glements de l\u2019Association;<\/p>\n\n\n\n<p>Adopter le rapport annuel d\u2019activit\u00e9s pr\u00e9par\u00e9 par le pr\u00e9sident;<\/p>\n\n\n\n<p>Adopter le bilan financier annuel pr\u00e9par\u00e9 par le tr\u00e9sorier;<\/p>\n\n\n\n<p>Adopter un plan d\u2019action annuel;<\/p>\n\n\n\n<p>S\u2019assurer, lors de la formation des comit\u00e9s, de la participation d\u2019au moins un membre du CA \u00e0 chacun des comit\u00e9s;<\/p>\n\n\n\n<p>Voir \u00e0 la bonne administration de l\u2019Association;<\/p>\n\n\n\n<p>D\u00e9cider des nominations qu\u2019il juge opportunes en mati\u00e8re de repr\u00e9sentation et d\u00e9l\u00e9gation;<\/p>\n\n\n\n<p>D\u00e9cider de l\u2019orientation et de la position de l\u2019Association sur les nouvelles questions;<\/p>\n\n\n\n<p>Accepter la demande d\u2019adh\u00e9sion des nouveaux membres de l\u2019Association.<\/p>\n\n\n\n<p><strong>Conseil d\u2019administration 2024-2025<\/strong><\/p>\n\n\n\n<figure class=\"wp-block-image size-large\"><img loading=\"lazy\" decoding=\"async\" width=\"1024\" height=\"636\" src=\"https:\/\/appla.ca\/wp-content\/uploads\/2025\/09\/1000012298-1024x636.png\" alt=\"\" class=\"wp-image-86\" srcset=\"https:\/\/appla.ca\/wp-content\/uploads\/2025\/09\/1000012298-1024x636.png 1024w, https:\/\/appla.ca\/wp-content\/uploads\/2025\/09\/1000012298-300x186.png 300w, https:\/\/appla.ca\/wp-content\/uploads\/2025\/09\/1000012298-768x477.png 768w, https:\/\/appla.ca\/wp-content\/uploads\/2025\/09\/1000012298.png 1189w\" sizes=\"auto, (max-width: 1024px) 100vw, 1024px\" \/><\/figure>\n\n\n\n<p>Andr\u00e9 Beauchamp, Pr\u00e9sident<\/p>\n\n\n\n<p>president@appla.ca<\/p>\n\n\n\n<p>Jean-Luc Flipo, Vice-pr\u00e9sident<\/p>\n\n\n\n<p>Marie Bertrand, Tr\u00e9sori\u00e8re<\/p>\n\n\n\n<p>finances@appla.ca<\/p>\n\n\n\n<p>Maurice Lacroix, Directeur<\/p>\n\n\n\n<p>Ren\u00e9 Houle, consultant sp\u00e9cial de Val-des-Bois sans droit de vote<\/p>\n\n\n\n<p>Robert Basque, consultant sp\u00e9cial de Notre-Dame de la Salette sans droit de vote<\/p>\n\n\n\n<div data-wp-interactive=\"core\/file\" class=\"wp-block-file\"><object data-wp-bind--hidden=\"!state.hasPdfPreview\" hidden class=\"wp-block-file__embed\" data=\"https:\/\/appla.ca\/wp-content\/uploads\/2025\/09\/PV-AGA-2025.docx.pdf\" type=\"application\/pdf\" style=\"width:100%;height:600px\" aria-label=\"Embed of PV AGA 2025.docx.\"><\/object><a id=\"wp-block-file--media-48bdd827-40b6-4567-abb1-9109d0d72a21\" href=\"https:\/\/appla.ca\/wp-content\/uploads\/2025\/09\/PV-AGA-2025.docx.pdf\">PV AGA 2025.docx<\/a><a href=\"https:\/\/appla.ca\/wp-content\/uploads\/2025\/09\/PV-AGA-2025.docx.pdf\" class=\"wp-block-file__button wp-element-button\" download aria-describedby=\"wp-block-file--media-48bdd827-40b6-4567-abb1-9109d0d72a21\">Download<\/a><\/div>\n\n\n\n<div data-wp-interactive=\"core\/file\" class=\"wp-block-file\"><object data-wp-bind--hidden=\"!state.hasPdfPreview\" hidden class=\"wp-block-file__embed\" data=\"https:\/\/appla.ca\/wp-content\/uploads\/2025\/09\/Etats-financiers-2024-25.pdf\" type=\"application\/pdf\" style=\"width:100%;height:600px\" aria-label=\"Embed of Etats financiers 2024-25.\"><\/object><a id=\"wp-block-file--media-9d1d36d5-99dc-4ec1-89ec-3f26ff374b15\" href=\"https:\/\/appla.ca\/wp-content\/uploads\/2025\/09\/Etats-financiers-2024-25.pdf\">Etats financiers 2024-25<\/a><a href=\"https:\/\/appla.ca\/wp-content\/uploads\/2025\/09\/Etats-financiers-2024-25.pdf\" class=\"wp-block-file__button wp-element-button\" download aria-describedby=\"wp-block-file--media-9d1d36d5-99dc-4ec1-89ec-3f26ff374b15\">Download<\/a><\/div>\n\n\n\n\n\n<p><\/p>\n\n\n\n<figure class=\"wp-block-image size-large\"><img loading=\"lazy\" decoding=\"async\" width=\"1024\" height=\"768\" src=\"https:\/\/appla.ca\/wp-content\/uploads\/2025\/05\/APPLA-websiteP1-1024x768.jpg\" alt=\"\" class=\"wp-image-24\" srcset=\"https:\/\/appla.ca\/wp-content\/uploads\/2025\/05\/APPLA-websiteP1-1024x768.jpg 1024w, https:\/\/appla.ca\/wp-content\/uploads\/2025\/05\/APPLA-websiteP1-300x225.jpg 300w, https:\/\/appla.ca\/wp-content\/uploads\/2025\/05\/APPLA-websiteP1-768x576.jpg 768w, https:\/\/appla.ca\/wp-content\/uploads\/2025\/05\/APPLA-websiteP1-1536x1152.jpg 1536w, https:\/\/appla.ca\/wp-content\/uploads\/2025\/05\/APPLA-websiteP1-2048x1536.jpg 2048w, https:\/\/appla.ca\/wp-content\/uploads\/2025\/05\/APPLA-websiteP1-1568x1176.jpg 1568w\" sizes=\"auto, (max-width: 1024px) 100vw, 1024px\" \/><\/figure>\n","protected":false},"excerpt":{"rendered":"<p>Qui sommes-nous\u200b? Notre association, l\u2019APPLA, est un organisme \u00e0 but non lucratif dont les lettres patentes ont \u00e9t\u00e9 d\u00e9livr\u00e9es par l\u2019inspecteur g\u00e9n\u00e9ral des institutions financi\u00e8res du Qu\u00e9bec, en vertu de la Loi sur les compagnies, le 13 octobre 1972 sous le matricule 1145725033. Qui peut devenir membre? L\u2019Association comprend une seule cat\u00e9gorie de membres, soit<a class=\"more-link\" href=\"https:\/\/appla.ca\/?page_id=13\">Continue reading <span class=\"screen-reader-text\">&#8220;L&#8217;Association&#8221;<\/span><\/a><\/p>\n","protected":false},"author":1,"featured_media":0,"parent":0,"menu_order":0,"comment_status":"closed","ping_status":"closed","template":"","meta":{"footnotes":""},"class_list":["post-13","page","type-page","status-publish","hentry","entry"],"_links":{"self":[{"href":"https:\/\/appla.ca\/index.php?rest_route=\/wp\/v2\/pages\/13","targetHints":{"allow":["GET"]}}],"collection":[{"href":"https:\/\/appla.ca\/index.php?rest_route=\/wp\/v2\/pages"}],"about":[{"href":"https:\/\/appla.ca\/index.php?rest_route=\/wp\/v2\/types\/page"}],"author":[{"embeddable":true,"href":"https:\/\/appla.ca\/index.php?rest_route=\/wp\/v2\/users\/1"}],"replies":[{"embeddable":true,"href":"https:\/\/appla.ca\/index.php?rest_route=%2Fwp%2Fv2%2Fcomments&post=13"}],"version-history":[{"count":5,"href":"https:\/\/appla.ca\/index.php?rest_route=\/wp\/v2\/pages\/13\/revisions"}],"predecessor-version":[{"id":90,"href":"https:\/\/appla.ca\/index.php?rest_route=\/wp\/v2\/pages\/13\/revisions\/90"}],"wp:attachment":[{"href":"https:\/\/appla.ca\/index.php?rest_route=%2Fwp%2Fv2%2Fmedia&parent=13"}],"curies":[{"name":"wp","href":"https:\/\/api.w.org\/{rel}","templated":true}]}}