{"id":19,"date":"2025-05-24T18:00:33","date_gmt":"2025-05-24T18:00:33","guid":{"rendered":"https:\/\/appla.ca\/?page_id=19"},"modified":"2025-06-04T00:11:47","modified_gmt":"2025-06-04T00:11:47","slug":"nouvelles","status":"publish","type":"page","link":"https:\/\/appla.ca\/?page_id=19","title":{"rendered":"Nouvelles"},"content":{"rendered":"\n<p>Chers riverains et riveraines.&nbsp;<\/p>\n\n\n\n<p>Voici maintenant le temps de renouveler votre adh\u00e9sion \u00e0 l\u2019APPLA (Association des propri\u00e9taires pour la protection du lac de l\u2019Argile). Comme les ann\u00e9es pass\u00e9es, les membres du CA ainsi que nos b\u00e9n\u00e9voles passeront de porte \u00e0 porte.<\/p>\n\n\n\n<p>Nous sollicitons votre appui d\u2019adh\u00e9rer \u00e0 l\u2019APPLA en achetant votre <strong>carte de membre au taux de 40$<\/strong>. L\u2019an dernier, notre taux d\u2019adh\u00e9sion s\u2019\u00e9tablissait \u00e0 80 %. Cette ann\u00e9e, aidez-nous \u00e0 maintenir et m\u00eame surpasser nos taux d\u2019adh\u00e9sion. La tourn\u00e9e d\u00e9butera d\u00e8s cette fin de semaine. Des petits gestes tous ensemble pour les grands d\u00e9fis de votre lac.<\/p>\n\n\n\n<p><strong>Virement \u00e9lectronique<\/strong>: <a href=\"mailto:finances@appla.ca\">finances@appla.ca<\/a><\/p>\n\n\n\n<p><strong>Information<\/strong>: <a href=\"mailto:info@appla.ca\">info@appla.ca<\/a><\/p>\n\n\n\n<p><strong>Besoin de b\u00e9n\u00e9voles\u2026.<\/strong><\/p>\n\n\n\n<p>1-Projet Myriophylle \u00e0 \u00e9pis et lutte contre les esp\u00e8ces exotiques envahissantes<\/p>\n\n\n\n<p>Avez-vous un ponton? \u00cates-vous plongeur?<\/p>\n\n\n\n<p>Avez-vous une chaloupe avec moteur? Un kayak? Une planche \u00e0 pagaie?<\/p>\n\n\n\n<p>\u00cates-vous conscients de la qualit\u00e9 de l\u2019eau de notre lac?<\/p>\n\n\n\n<p>Aimeriez-vous nous aider \u00e0 am\u00e9liorer la qualit\u00e9 de l\u2019eau de votre lac?<\/p>\n\n\n\n<p>Portez-vous b\u00e9n\u00e9voles pour <strong>une fin de semaine cet \u00e9t\u00e9<\/strong>.<\/p>\n\n\n\n<p>Nous avons besoin de votre aide, votre lac vous appelle!<\/p>\n\n\n\n<p><strong>Information<\/strong>&nbsp;: <a href=\"mailto:myrio@appla.ca\">myrio@appla.ca<\/a><\/p>\n\n\n\n<p><strong>2- Tournoi de golf<\/strong><\/p>\n\n\n\n<p>Le tournoi annuel de golf de l\u2019APPLA, <strong>samedi 2 aout 2025<\/strong> au terrain de Golf Royal Papineau. Nous avons besoin de b\u00e9n\u00e9voles et aussi des joueurs\/joueuses de golf et des commanditaires!<\/p>\n\n\n\n<p>Yvan Chaput, pr\u00e9sident RGA du Li\u00e8vre, sera pr\u00e9sident d\u2019honneur.<\/p>\n\n\n\n<p><strong>Information<\/strong>&nbsp;: <a href=\"mailto:loisirs@appla.ca\">loisirs@appla.ca<\/a><\/p>\n\n\n\n<p><strong>Date importante&nbsp;:<\/strong><\/p>\n\n\n\n<p><strong>L&#8217;Assembl\u00e9e G\u00e9n\u00e9rale Annuelle (AGA) de l\u2019APPLA&nbsp;<\/strong><\/p>\n\n\n\n<p><strong>Dimanche 17 ao\u00fbt 2025<\/strong> de 10h00 \u00e0 12h00.<\/p>\n\n\n\n<p>L\u2019AGA sera<strong> au centre communautaire Val des Bois <\/strong>(121 Chem. du Pont de Bois, Val-des-Bois)<\/p>\n\n\n\n<p>Plusieurs postes au sein du CA seront disponibles, il est temps pour la rel\u00e8ve!<\/p>\n\n\n\n<p><strong>Information<\/strong>&nbsp;: <a href=\"mailto:info@appla.ca\">info@appla.ca<\/a><\/p>\n\n\n\n<p>Andr\u00e9 Beauchamp, Pr\u00e9sident, APPLA<\/p>\n\n\n\n<div data-wp-interactive=\"core\/file\" class=\"wp-block-file\"><object data-wp-bind--hidden=\"!state.hasPdfPreview\" hidden class=\"wp-block-file__embed\" data=\"https:\/\/appla.ca\/wp-content\/uploads\/2025\/06\/English-renewal-2025.docx.pdf\" type=\"application\/pdf\" style=\"width:100%;height:600px\" aria-label=\"Embed of English renewal 2025.docx.\"><\/object><a id=\"wp-block-file--media-0e158813-55b1-4337-b619-62feefa53a9d\" href=\"https:\/\/appla.ca\/wp-content\/uploads\/2025\/06\/English-renewal-2025.docx.pdf\">English renewal 2025.docx<\/a><a href=\"https:\/\/appla.ca\/wp-content\/uploads\/2025\/06\/English-renewal-2025.docx.pdf\" class=\"wp-block-file__button wp-element-button\" download aria-describedby=\"wp-block-file--media-0e158813-55b1-4337-b619-62feefa53a9d\">Download<\/a><\/div>\n\n\n\n<p><\/p>\n\n\n\n<figure class=\"wp-block-image size-large\"><img loading=\"lazy\" decoding=\"async\" width=\"1024\" height=\"239\" src=\"https:\/\/appla.ca\/wp-content\/uploads\/2025\/05\/Panorama_Argile-1024x239.jpg\" alt=\"\" class=\"wp-image-33\" srcset=\"https:\/\/appla.ca\/wp-content\/uploads\/2025\/05\/Panorama_Argile-1024x239.jpg 1024w, https:\/\/appla.ca\/wp-content\/uploads\/2025\/05\/Panorama_Argile-300x70.jpg 300w, https:\/\/appla.ca\/wp-content\/uploads\/2025\/05\/Panorama_Argile-768x179.jpg 768w, https:\/\/appla.ca\/wp-content\/uploads\/2025\/05\/Panorama_Argile-1536x358.jpg 1536w, https:\/\/appla.ca\/wp-content\/uploads\/2025\/05\/Panorama_Argile-1568x366.jpg 1568w, https:\/\/appla.ca\/wp-content\/uploads\/2025\/05\/Panorama_Argile.jpg 1680w\" sizes=\"auto, (max-width: 1024px) 100vw, 1024px\" \/><\/figure>\n","protected":false},"excerpt":{"rendered":"<p>Chers riverains et riveraines.&nbsp; Voici maintenant le temps de renouveler votre adh\u00e9sion \u00e0 l\u2019APPLA (Association des propri\u00e9taires pour la protection du lac de l\u2019Argile). Comme les ann\u00e9es pass\u00e9es, les membres du CA ainsi que nos b\u00e9n\u00e9voles passeront de porte \u00e0 porte. Nous sollicitons votre appui d\u2019adh\u00e9rer \u00e0 l\u2019APPLA en achetant votre carte de membre au<a class=\"more-link\" href=\"https:\/\/appla.ca\/?page_id=19\">Continue reading <span class=\"screen-reader-text\">&#8220;Nouvelles&#8221;<\/span><\/a><\/p>\n","protected":false},"author":1,"featured_media":0,"parent":0,"menu_order":0,"comment_status":"closed","ping_status":"closed","template":"","meta":{"footnotes":""},"class_list":["post-19","page","type-page","status-publish","hentry","entry"],"_links":{"self":[{"href":"https:\/\/appla.ca\/index.php?rest_route=\/wp\/v2\/pages\/19","targetHints":{"allow":["GET"]}}],"collection":[{"href":"https:\/\/appla.ca\/index.php?rest_route=\/wp\/v2\/pages"}],"about":[{"href":"https:\/\/appla.ca\/index.php?rest_route=\/wp\/v2\/types\/page"}],"author":[{"embeddable":true,"href":"https:\/\/appla.ca\/index.php?rest_route=\/wp\/v2\/users\/1"}],"replies":[{"embeddable":true,"href":"https:\/\/appla.ca\/index.php?rest_route=%2Fwp%2Fv2%2Fcomments&post=19"}],"version-history":[{"count":4,"href":"https:\/\/appla.ca\/index.php?rest_route=\/wp\/v2\/pages\/19\/revisions"}],"predecessor-version":[{"id":66,"href":"https:\/\/appla.ca\/index.php?rest_route=\/wp\/v2\/pages\/19\/revisions\/66"}],"wp:attachment":[{"href":"https:\/\/appla.ca\/index.php?rest_route=%2Fwp%2Fv2%2Fmedia&parent=19"}],"curies":[{"name":"wp","href":"https:\/\/api.w.org\/{rel}","templated":true}]}}